{"id":1324,"date":"2025-10-13T09:56:37","date_gmt":"2025-10-13T07:56:37","guid":{"rendered":"https:\/\/www.onelife.at\/ttbv\/index.php\/about\/"},"modified":"2026-03-25T15:46:27","modified_gmt":"2026-03-25T14:46:27","slug":"about","status":"publish","type":"page","link":"https:\/\/tt-meisterschaft.at\/ttbv\/about\/","title":{"rendered":"\u00dcber uns"},"content":{"rendered":"\n<div class=\"wp-block-uagb-container uagb-block-3ad17e27 alignfull uagb-is-root-container\"><div class=\"uagb-container-inner-blocks-wrap\">\n<div class=\"wp-block-uagb-advanced-heading uagb-block-8a1eebc0\"><h1 class=\"uagb-heading-text\">\u00fcber uns<\/h1><\/div>\n<\/div><\/div>\n\n\n\n<div style=\"height:100px\" aria-hidden=\"true\" class=\"wp-block-spacer\"><\/div>\n\n\n\n<div class=\"wp-block-uagb-container uagb-block-bf1d93c0 alignfull uagb-is-root-container\"><div class=\"uagb-container-inner-blocks-wrap\"><\/div><\/div>\n\n\n\n<p class=\"has-text-align-center has-border-color has-ast-global-color-5-border-color\" style=\"border-width:55px\">Die Geschichte der &#8222;Tischtennis Banken und Versicherungen&#8220; geht bis in das Jahr 1968 zur\u00fcck.<br>Stefan Neumann von der OeNB organisierte damals die erste Tischtennismeisterschaft f\u00fcr Banken und Versicherungen am Wiener Platz.<br><br>Acht Institute spielten damals um den ersten Wanderpokal gestiftet von der \u00d6sterreichischen Nationalbank.<br>(ERSTE Spar-Casse, Creditanstalt, Bank f\u00fcr Arbeit und Wirtschaft, AVA Bank, Victoria Versicherung, Bundesl\u00e4nderversicherung, Zentralsparkasse und OeNB)<br><br>2018 feierte man das 50-j\u00e4hrige Bestehen. Ab 2026 wollen wir den Zugang auch f\u00fcr Mannschaften und Firmen au\u00dferhalb des Finanzbereichs erm\u00f6glichen.<br><br>Aktuell wird die Meisterschaft in 5 Leistungsgruppen durchgef\u00fchrt und zweimal im Jahr (Fr\u00fchjahr, Herbst) gibt es ein gro\u00dfes Turnier f\u00fcr alle teilnehmenden Spielerinnen und Spieler. <br>Am Ende der Saison feiern wir im Rahmen einer gro\u00dfen Saisonabschlussfeier!<br><br>Bei der Meisterschaft &#8222;Banken und Versicherungen&#8220; halten wir uns grunds\u00e4tzlich an die Regeln des \u00d6TTV\/WTTV!<\/p>\n\n\n\n<div class=\"wp-block-uagb-container uagb-block-f8ec2bd3 alignfull uagb-is-root-container\"><div class=\"uagb-container-inner-blocks-wrap\">\n<div class=\"wp-block-uagb-image aligncenter uagb-block-2d710799 wp-block-uagb-image--layout-default wp-block-uagb-image--effect-static wp-block-uagb-image--align-center\"><figure class=\"wp-block-uagb-image__figure\"><img decoding=\"async\" srcset=\"https:\/\/tt-meisterschaft.at\/ttbv\/wp-content\/uploads\/2025\/12\/7-1024x452.jpg ,https:\/\/tt-meisterschaft.at\/ttbv\/wp-content\/uploads\/2025\/12\/7.jpg 780w, https:\/\/tt-meisterschaft.at\/ttbv\/wp-content\/uploads\/2025\/12\/7.jpg 360w\" sizes=\"auto, (max-width: 480px) 150px\" src=\"https:\/\/tt-meisterschaft.at\/ttbv\/wp-content\/uploads\/2025\/12\/7-1024x452.jpg\" alt=\"\" class=\"uag-image-2966\" width=\"1044\" height=\"452\" title=\"7\" loading=\"lazy\" role=\"img\"\/><\/figure><\/div>\n<\/div><\/div>\n\n\n\n<div class=\"wp-block-uagb-container uagb-block-61e8ac2a alignfull uagb-is-root-container\"><div class=\"uagb-container-inner-blocks-wrap\">\n<div class=\"wp-block-uagb-info-box uagb-block-54aaf525 uagb-infobox__content-wrap  uagb-infobox-icon-below-title uagb-infobox-image-valign-top\"><div class=\"uagb-ifb-content\"><div class=\"uagb-ifb-title-wrap\"><h4 class=\"uagb-ifb-title\">Spa\u00df und Freude stehen bei uns an erster Stelle! Uns gibt es seit \u00fcber 50 Jahren!<\/h4><\/div><div class=\"uagb-ifb-image-content\"><img decoding=\"async\" src=\"https:\/\/www.onelife.at\/ttbv\/wp-content\/uploads\/2025\/11\/WhatsApp-Bild-2025-11-18-um-12.15.46_a7040b1c-150x150.jpg\" alt=\"Achim Hartmann\" width=\"120\" height=\"120\" loading=\"lazy\"\/><\/div><p class=\"uagb-ifb-desc\">Achim Hartmann<\/p><\/div><\/div>\n\n\n\n<div class=\"wp-block-uagb-info-box uagb-block-95ff357e uagb-infobox__content-wrap  uagb-infobox-icon-below-title uagb-infobox-image-valign-top\"><div class=\"uagb-ifb-content\"><div class=\"uagb-ifb-title-wrap\"><h4 class=\"uagb-ifb-title\">Tischtennis Sport f\u00fcr alle Spielst\u00e4rken und alle Altersklassen<\/h4><\/div><div class=\"uagb-ifb-image-content\"><img decoding=\"async\" src=\"https:\/\/tt-meisterschaft.at\/ttbv\/wp-content\/uploads\/2026\/03\/Foto-Bruno-150x150.jpg\" alt=\"\" width=\"120\" height=\"120\" loading=\"lazy\"\/><\/div><p class=\"uagb-ifb-desc\">Bruno Zdrazil<\/p><\/div><\/div>\n<\/div><\/div>\n","protected":false},"excerpt":{"rendered":"<p>\u00fcber uns Die Geschichte der &#8222;Tischtennis Banken und Versicherungen&#8220; geht bis in das Jahr 1968 zur\u00fcck.Stefan Neumann von der OeNB [&hellip;]<\/p>\n","protected":false},"author":1,"featured_media":0,"parent":0,"menu_order":0,"comment_status":"closed","ping_status":"closed","template":"","meta":{"_uag_custom_page_level_css":"","site-sidebar-layout":"no-sidebar","site-content-layout":"page-builder","ast-site-content-layout":"full-width-container","site-content-style":"unboxed","site-sidebar-style":"default","ast-global-header-display":"","ast-banner-title-visibility":"","ast-main-header-display":"","ast-hfb-above-header-display":"","ast-hfb-below-header-display":"","ast-hfb-mobile-header-display":"","site-post-title":"disabled","ast-breadcrumbs-content":"","ast-featured-img":"disabled","footer-sml-layout":"","theme-transparent-header-meta":"enabled","adv-header-id-meta":"","stick-header-meta":"","header-above-stick-meta":"","header-main-stick-meta":"","header-below-stick-meta":"","astra-migrate-meta-layouts":"set","ast-page-background-enabled":"default","ast-page-background-meta":{"desktop":{"background-color":"var(--ast-global-color-5)","background-image":"","background-repeat":"repeat","background-position":"center center","background-size":"auto","background-attachment":"scroll","background-type":"","background-media":"","overlay-type":"","overlay-color":"","overlay-opacity":"","overlay-gradient":""},"tablet":{"background-color":"","background-image":"","background-repeat":"repeat","background-position":"center center","background-size":"auto","background-attachment":"scroll","background-type":"","background-media":"","overlay-type":"","overlay-color":"","overlay-opacity":"","overlay-gradient":""},"mobile":{"background-color":"","background-image":"","background-repeat":"repeat","background-position":"center center","background-size":"auto","background-attachment":"scroll","background-type":"","background-media":"","overlay-type":"","overlay-color":"","overlay-opacity":"","overlay-gradient":""}},"ast-content-background-meta":{"desktop":{"background-color":"var(--ast-global-color-4)","background-image":"","background-repeat":"repeat","background-position":"center center","background-size":"auto","background-attachment":"scroll","background-type":"","background-media":"","overlay-type":"","overlay-color":"","overlay-opacity":"","overlay-gradient":""},"tablet":{"background-color":"var(--ast-global-color-4)","background-image":"","background-repeat":"repeat","background-position":"center center","background-size":"auto","background-attachment":"scroll","background-type":"","background-media":"","overlay-type":"","overlay-color":"","overlay-opacity":"","overlay-gradient":""},"mobile":{"background-color":"var(--ast-global-color-4)","background-image":"","background-repeat":"repeat","background-position":"center center","background-size":"auto","background-attachment":"scroll","background-type":"","background-media":"","overlay-type":"","overlay-color":"","overlay-opacity":"","overlay-gradient":""}},"footnotes":""},"class_list":["post-1324","page","type-page","status-publish","hentry"],"uagb_featured_image_src":{"full":false,"thumbnail":false,"medium":false,"medium_large":false,"large":false,"1536x1536":false,"2048x2048":false},"uagb_author_info":{"display_name":"Chris","author_link":"https:\/\/tt-meisterschaft.at\/ttbv\/author\/chris\/"},"uagb_comment_info":0,"uagb_excerpt":"\u00fcber uns Die Geschichte der &#8222;Tischtennis Banken und Versicherungen&#8220; geht bis in das Jahr 1968 zur\u00fcck.Stefan Neumann von der OeNB [&hellip;]","_links":{"self":[{"href":"https:\/\/tt-meisterschaft.at\/ttbv\/wp-json\/wp\/v2\/pages\/1324","targetHints":{"allow":["GET"]}}],"collection":[{"href":"https:\/\/tt-meisterschaft.at\/ttbv\/wp-json\/wp\/v2\/pages"}],"about":[{"href":"https:\/\/tt-meisterschaft.at\/ttbv\/wp-json\/wp\/v2\/types\/page"}],"author":[{"embeddable":true,"href":"https:\/\/tt-meisterschaft.at\/ttbv\/wp-json\/wp\/v2\/users\/1"}],"replies":[{"embeddable":true,"href":"https:\/\/tt-meisterschaft.at\/ttbv\/wp-json\/wp\/v2\/comments?post=1324"}],"version-history":[{"count":20,"href":"https:\/\/tt-meisterschaft.at\/ttbv\/wp-json\/wp\/v2\/pages\/1324\/revisions"}],"predecessor-version":[{"id":3021,"href":"https:\/\/tt-meisterschaft.at\/ttbv\/wp-json\/wp\/v2\/pages\/1324\/revisions\/3021"}],"wp:attachment":[{"href":"https:\/\/tt-meisterschaft.at\/ttbv\/wp-json\/wp\/v2\/media?parent=1324"}],"curies":[{"name":"wp","href":"https:\/\/api.w.org\/{rel}","templated":true}]}}