{"id":1322,"date":"2025-10-13T09:56:37","date_gmt":"2025-10-13T07:56:37","guid":{"rendered":"https:\/\/www.onelife.at\/ttbv\/index.php\/home\/"},"modified":"2025-12-18T17:31:53","modified_gmt":"2025-12-18T16:31:53","slug":"home","status":"publish","type":"page","link":"https:\/\/tt-meisterschaft.at\/ttbv\/","title":{"rendered":"Home"},"content":{"rendered":"\n<div class=\"wp-block-uagb-container uagb-block-494c42c4 alignfull uagb-is-root-container\"><div class=\"uagb-container-inner-blocks-wrap\">\n<div style=\"height:100px\" aria-hidden=\"true\" class=\"wp-block-spacer\"><\/div>\n\n\n\n<p class=\"has-text-align-center has-ast-global-color-5-color has-text-color has-link-color has-large-font-size wp-elements-f7cee5d8c3c2ab7c9ea16f1725eafb9e\">Tischtennis Meisterschaft<br>Banken und Versicherungen<\/p>\n\n\n\n<p class=\"has-text-align-center has-ast-global-color-5-color has-text-color has-link-color has-medium-font-size wp-elements-3163f400b0e9c717fa3f4142f801c30a\">Teilnehmende Institute &#8211; Wien<\/p>\n\n\n\n<div class=\"wp-block-group is-layout-grid wp-container-core-group-is-layout-478b6e6b wp-block-group-is-layout-grid\">\n<figure class=\"wp-block-image size-full wp-container-content-69bc4bdf\"><img loading=\"lazy\" decoding=\"async\" width=\"500\" height=\"500\" src=\"https:\/\/www.onelife.at\/ttbv\/wp-content\/uploads\/2025\/11\/BA-Logo.png\" alt=\"Bank Austria\" class=\"wp-image-2904\" srcset=\"https:\/\/tt-meisterschaft.at\/ttbv\/wp-content\/uploads\/2025\/11\/BA-Logo.png 500w, https:\/\/tt-meisterschaft.at\/ttbv\/wp-content\/uploads\/2025\/11\/BA-Logo-300x300.png 300w, https:\/\/tt-meisterschaft.at\/ttbv\/wp-content\/uploads\/2025\/11\/BA-Logo-150x150.png 150w\" sizes=\"auto, (max-width: 500px) 100vw, 500px\" \/><\/figure>\n\n\n\n<figure class=\"wp-block-image size-full wp-container-content-83148919\"><img loading=\"lazy\" decoding=\"async\" width=\"500\" height=\"500\" src=\"https:\/\/www.onelife.at\/ttbv\/wp-content\/uploads\/2025\/11\/BAWAG-Logo.png\" alt=\"Bawag\" class=\"wp-image-2906\" srcset=\"https:\/\/tt-meisterschaft.at\/ttbv\/wp-content\/uploads\/2025\/11\/BAWAG-Logo.png 500w, https:\/\/tt-meisterschaft.at\/ttbv\/wp-content\/uploads\/2025\/11\/BAWAG-Logo-300x300.png 300w, https:\/\/tt-meisterschaft.at\/ttbv\/wp-content\/uploads\/2025\/11\/BAWAG-Logo-150x150.png 150w\" sizes=\"auto, (max-width: 500px) 100vw, 500px\" \/><\/figure>\n\n\n\n<figure class=\"wp-block-image size-full\"><img loading=\"lazy\" decoding=\"async\" width=\"500\" height=\"500\" src=\"https:\/\/tt-meisterschaft.at\/ttbv\/wp-content\/uploads\/2025\/12\/ERSTE-Logo.png\" alt=\"\" class=\"wp-image-2977\" srcset=\"https:\/\/tt-meisterschaft.at\/ttbv\/wp-content\/uploads\/2025\/12\/ERSTE-Logo.png 500w, https:\/\/tt-meisterschaft.at\/ttbv\/wp-content\/uploads\/2025\/12\/ERSTE-Logo-300x300.png 300w, https:\/\/tt-meisterschaft.at\/ttbv\/wp-content\/uploads\/2025\/12\/ERSTE-Logo-150x150.png 150w\" sizes=\"auto, (max-width: 500px) 100vw, 500px\" \/><\/figure>\n\n\n\n<figure class=\"wp-block-image size-full\"><img loading=\"lazy\" decoding=\"async\" width=\"500\" height=\"500\" src=\"https:\/\/www.onelife.at\/ttbv\/wp-content\/uploads\/2025\/11\/OENB-Logo.png\" alt=\"\u00d6NB\" class=\"wp-image-2908\" srcset=\"https:\/\/tt-meisterschaft.at\/ttbv\/wp-content\/uploads\/2025\/11\/OENB-Logo.png 500w, https:\/\/tt-meisterschaft.at\/ttbv\/wp-content\/uploads\/2025\/11\/OENB-Logo-300x300.png 300w, https:\/\/tt-meisterschaft.at\/ttbv\/wp-content\/uploads\/2025\/11\/OENB-Logo-150x150.png 150w\" sizes=\"auto, (max-width: 500px) 100vw, 500px\" \/><\/figure>\n\n\n\n<figure class=\"wp-block-image size-full\"><a href=\"https:\/\/postsv-wien-tt.at\/\" target=\"_blank\" rel=\" noreferrer noopener\"><img decoding=\"async\" src=\"https:\/\/www.onelife.at\/ttbv\/wp-content\/uploads\/2025\/11\/PostSV-Logo.png\" alt=\"Post SV TT\" class=\"wp-image-2909\"\/><\/a><\/figure>\n\n\n\n<figure class=\"wp-block-gallery has-nested-images columns-default is-cropped wp-block-gallery-1 is-layout-flex wp-block-gallery-is-layout-flex\">\n<figure class=\"wp-block-image size-full wp-container-content-69bc4bdf\"><img loading=\"lazy\" decoding=\"async\" width=\"500\" height=\"500\" data-id=\"2903\" src=\"https:\/\/www.onelife.at\/ttbv\/wp-content\/uploads\/2025\/11\/PV-Logo1.png\" alt=\"PV\" class=\"wp-image-2903\" style=\"object-fit:cover\" srcset=\"https:\/\/tt-meisterschaft.at\/ttbv\/wp-content\/uploads\/2025\/11\/PV-Logo1.png 500w, https:\/\/tt-meisterschaft.at\/ttbv\/wp-content\/uploads\/2025\/11\/PV-Logo1-300x300.png 300w, https:\/\/tt-meisterschaft.at\/ttbv\/wp-content\/uploads\/2025\/11\/PV-Logo1-150x150.png 150w\" sizes=\"auto, (max-width: 500px) 100vw, 500px\" \/><\/figure>\n<\/figure>\n\n\n\n<figure class=\"wp-block-image size-full\"><img loading=\"lazy\" decoding=\"async\" width=\"500\" height=\"500\" src=\"https:\/\/www.onelife.at\/ttbv\/wp-content\/uploads\/2025\/11\/RLB-Logo1.png\" alt=\"RLB N\u00d6W\" class=\"wp-image-2910\" srcset=\"https:\/\/tt-meisterschaft.at\/ttbv\/wp-content\/uploads\/2025\/11\/RLB-Logo1.png 500w, https:\/\/tt-meisterschaft.at\/ttbv\/wp-content\/uploads\/2025\/11\/RLB-Logo1-300x300.png 300w, https:\/\/tt-meisterschaft.at\/ttbv\/wp-content\/uploads\/2025\/11\/RLB-Logo1-150x150.png 150w\" sizes=\"auto, (max-width: 500px) 100vw, 500px\" \/><\/figure>\n\n\n\n<figure class=\"wp-block-image size-full wp-container-content-69bc4bdf\"><img loading=\"lazy\" decoding=\"async\" width=\"500\" height=\"500\" src=\"https:\/\/www.onelife.at\/ttbv\/wp-content\/uploads\/2025\/11\/Uniqua-Logo.png\" alt=\"Uniqua\" class=\"wp-image-2911\" style=\"object-fit:cover\" srcset=\"https:\/\/tt-meisterschaft.at\/ttbv\/wp-content\/uploads\/2025\/11\/Uniqua-Logo.png 500w, https:\/\/tt-meisterschaft.at\/ttbv\/wp-content\/uploads\/2025\/11\/Uniqua-Logo-300x300.png 300w, https:\/\/tt-meisterschaft.at\/ttbv\/wp-content\/uploads\/2025\/11\/Uniqua-Logo-150x150.png 150w\" sizes=\"auto, (max-width: 500px) 100vw, 500px\" \/><\/figure>\n\n\n\n<figure class=\"wp-block-image size-full\"><img loading=\"lazy\" decoding=\"async\" width=\"500\" height=\"500\" src=\"https:\/\/www.onelife.at\/ttbv\/wp-content\/uploads\/2025\/11\/VIG-Logo1.png\" alt=\"VIG\" class=\"wp-image-2913\" style=\"object-fit:cover\" srcset=\"https:\/\/tt-meisterschaft.at\/ttbv\/wp-content\/uploads\/2025\/11\/VIG-Logo1.png 500w, https:\/\/tt-meisterschaft.at\/ttbv\/wp-content\/uploads\/2025\/11\/VIG-Logo1-300x300.png 300w, https:\/\/tt-meisterschaft.at\/ttbv\/wp-content\/uploads\/2025\/11\/VIG-Logo1-150x150.png 150w\" sizes=\"auto, (max-width: 500px) 100vw, 500px\" \/><\/figure>\n<\/div>\n<\/div><\/div>\n\n\n\n<div style=\"height:100px\" aria-hidden=\"true\" class=\"wp-block-spacer\"><\/div>\n\n\n\n<div class=\"wp-block-uagb-container uagb-layout-grid uagb-block-0186287e alignfull uagb-is-root-container\"><div class=\"uagb-container-inner-blocks-wrap\">\n<div class=\"wp-block-uagb-info-box uagb-block-03550eeb uagb-infobox__content-wrap  uagb-infobox-icon-above-title uagb-infobox-image-valign-top wp-block-uagb-info-box--has-margin\"><div class=\"uagb-infobox-margin-wrapper\"><div class=\"uagb-ifb-content\"><div class=\"uagb-ifb-title-wrap\"><span class=\"uagb-ifb-title-prefix\">\u00dcber UNS<\/span><h4 class=\"uagb-ifb-title\">Spa\u00df und Freude stehen bei uns an erster Stelle.<\/h4><\/div><p class=\"uagb-ifb-desc\">Vom Anf\u00e4nger, Hobbyspieler bis zum &#8222;Profi&#8220;, bei uns gibt es f\u00fcr alle Leistungsgruppen die richtige Spielklasse.<br>Ab 2026 \u00f6ffnen wir uns auch f\u00fcr Mannschaften, die nicht aus dem Finanzbereich (Banken und Versicherungen) kommen.<br>Meldet euch bei Interesse an unserer Meisterschaft.<\/p><div class=\"uagb-ifb-button-wrapper wp-block-button\"><a href=\"\/ttbv\/\/contact\/\" class=\"uagb-infobox-cta-link ast-outline-button\" target=\"_self\" rel=\"noopener noreferrer\" style=\"border-width:revert-layer\" onclick=\"return true;\"><span class=\"uagb-inline-editing\">Kontakt<\/span><\/a><\/div><\/div><\/div><\/div>\n\n\n\n<div class=\"wp-block-uagb-image alignright uagb-block-37933192 wp-block-uagb-image--layout-default wp-block-uagb-image--effect-static wp-block-uagb-image--align-right\"><figure class=\"wp-block-uagb-image__figure\"><img decoding=\"async\" srcset=\"https:\/\/www.onelife.at\/ttbv\/wp-content\/uploads\/2025\/10\/pexels-ingo-569986-1024x683.jpg ,https:\/\/www.onelife.at\/ttbv\/wp-content\/uploads\/2025\/10\/pexels-ingo-569986-scaled.jpg 780w, https:\/\/www.onelife.at\/ttbv\/wp-content\/uploads\/2025\/10\/pexels-ingo-569986-scaled.jpg 360w\" sizes=\"auto, (max-width: 480px) 150px\" src=\"https:\/\/www.onelife.at\/ttbv\/wp-content\/uploads\/2025\/10\/pexels-ingo-569986-1024x683.jpg\" alt=\"pexels ingo 569986\" class=\"uag-image-2799\" width=\"1024\" height=\"683\" title=\"pexels ingo 569986\" loading=\"lazy\" role=\"img\"\/><\/figure><\/div>\n<\/div><\/div>\n\n\n\n<div style=\"height:100px\" aria-hidden=\"true\" class=\"wp-block-spacer\"><\/div>\n\n\n\n<div class=\"wp-block-uagb-advanced-heading uagb-block-f89feaef\"><h2 class=\"uagb-heading-text\">Neueste Beitr\u00e4ge<\/h2><div class=\"uagb-separator\"><\/div><\/div>\n\n\n<ul style=\"padding-top:var(--wp--preset--spacing--50);padding-bottom:var(--wp--preset--spacing--50);padding-left:var(--wp--preset--spacing--50);padding-right:var(--wp--preset--spacing--50);margin-top:var(--wp--preset--spacing--30);margin-bottom:var(--wp--preset--spacing--30);margin-left:var(--wp--preset--spacing--30);margin-right:var(--wp--preset--spacing--30);\" class=\"wp-block-latest-posts__list is-grid columns-2 has-dates aligncenter wp-block-latest-posts\"><li><div class=\"wp-block-latest-posts__featured-image\"><img loading=\"lazy\" decoding=\"async\" width=\"150\" height=\"150\" src=\"https:\/\/tt-meisterschaft.at\/ttbv\/wp-content\/uploads\/2026\/04\/WhatsApp-Image-2026-04-18-at-13.24.59-150x150.jpeg\" class=\"attachment-thumbnail size-thumbnail wp-post-image\" alt=\"\" style=\"max-width:200px;max-height:200px;\" \/><\/div><a class=\"wp-block-latest-posts__post-title\" href=\"https:\/\/tt-meisterschaft.at\/ttbv\/saisonabschlussfeier-2025-2026-und-fruehjahrsturnier-2026-ergebnisse\/\">Saisonabschlussfeier 2025\/2026 und Fr\u00fchjahrsturnier 2026 &#8211; Ergebnisse<\/a><time datetime=\"2026-04-21T08:28:09+02:00\" class=\"wp-block-latest-posts__post-date\">21. April 2026<\/time><div class=\"wp-block-latest-posts__post-excerpt\">Am 18.4.2026 fand das traditionelle Fr\u00fchjahrsturnier im Sportcenter UniCredit Kaiserwasser mit neuer Rekordbeteiligung statt. Die Ergebnistafel ist anbei.Im Anschluss gab es dann die gro\u00dfe Saisonabschlussfeier mit rd. 70 Teilnehmerinnen und Teilnehmern. Besonders gefreut hat uns dieses Jahr die Teilnahme von Teilnehmern und Teilnehmerinnen der Parkinson-Gruppe von POST SV im B-Bewerb. Der Vorstand bedankt sich besonders\u2026\u00a0<a class=\"wp-block-latest-posts__read-more\" href=\"https:\/\/tt-meisterschaft.at\/ttbv\/saisonabschlussfeier-2025-2026-und-fruehjahrsturnier-2026-ergebnisse\/\" rel=\"noopener noreferrer\"><span class=\"screen-reader-text\">Saisonabschlussfeier 2025\/2026 und Fr\u00fchjahrsturnier 2026 &#8211; Ergebnisse <\/span>weiterlesen<\/a><\/div><\/li>\n<li><div class=\"wp-block-latest-posts__featured-image\"><img loading=\"lazy\" decoding=\"async\" width=\"150\" height=\"150\" src=\"https:\/\/tt-meisterschaft.at\/ttbv\/wp-content\/uploads\/2025\/10\/TTBV_Logo-150x150.png\" class=\"attachment-thumbnail size-thumbnail wp-post-image\" alt=\"\" style=\"max-width:200px;max-height:200px;\" \/><\/div><a class=\"wp-block-latest-posts__post-title\" href=\"https:\/\/tt-meisterschaft.at\/ttbv\/rundschreiben-3-saison-2025-2026-inklusive-auslosung-fruehjahrsturnier-2026\/\">Rundschreiben 3 (Saison 2025\/2026) inklusive Auslosung Fr\u00fchjahrsturnier 2026<\/a><time datetime=\"2026-04-14T10:07:58+02:00\" class=\"wp-block-latest-posts__post-date\">14. April 2026<\/time><div class=\"wp-block-latest-posts__post-excerpt\">Im Protokoll ist auch die Auslosung f\u00fcr das Fr\u00fchjahrsturnier am 18.4.2026 im UniCredit Sportcenter Kaiserwasser enthalten. Wir freuen uns auf spannende und faire Spiele!<\/div><\/li>\n<li><div class=\"wp-block-latest-posts__featured-image\"><img loading=\"lazy\" decoding=\"async\" width=\"150\" height=\"140\" src=\"https:\/\/tt-meisterschaft.at\/ttbv\/wp-content\/uploads\/2025\/11\/PostSV-Logo-e1772092934501-150x140.png\" class=\"attachment-thumbnail size-thumbnail wp-post-image\" alt=\"postsv logo\" style=\"max-width:200px;max-height:200px;\" \/><\/div><a class=\"wp-block-latest-posts__post-title\" href=\"https:\/\/tt-meisterschaft.at\/ttbv\/saisonabschlussfeier-2025-2026-powered-by-post-sv\/\">Saisonabschlussfeier 2025\/2026 powered by POST SV<\/a><time datetime=\"2026-04-09T13:08:02+02:00\" class=\"wp-block-latest-posts__post-date\">9. April 2026<\/time><div class=\"wp-block-latest-posts__post-excerpt\">Am 18.4.2026 feiern wir mit allen teilnehmenden Instituten die erfolgreiche Saison 2025\/2026 im Restaurant UniCredit Kaiserwasser. Wir bedanken uns bei POST SV f\u00fcr die finanzielle Unterst\u00fctzung f\u00fcr unsere Jahresabschlussfeier.<\/div><\/li>\n<li><div class=\"wp-block-latest-posts__featured-image\"><img loading=\"lazy\" decoding=\"async\" width=\"150\" height=\"140\" src=\"https:\/\/tt-meisterschaft.at\/ttbv\/wp-content\/uploads\/2025\/11\/PostSV-Logo-e1772092934501-150x140.png\" class=\"attachment-thumbnail size-thumbnail wp-post-image\" alt=\"postsv logo\" style=\"max-width:200px;max-height:200px;\" \/><\/div><a class=\"wp-block-latest-posts__post-title\" href=\"https:\/\/tt-meisterschaft.at\/ttbv\/rettet-den-post-sv\/\">Rettet den Post Sport Verein<\/a><time datetime=\"2026-04-09T08:48:00+02:00\" class=\"wp-block-latest-posts__post-date\">9. April 2026<\/time><div class=\"wp-block-latest-posts__post-excerpt\">Sport ist einer der wichtigsten S\u00e4ulen in unserer Gesellschaft. Helft alle mit den Post Sport Verein zu retten und unterzeichnet bitte alle die Petition! Wir als Tischtennis Banken und Versicherungen unterst\u00fctzen den POST SV! openpetition.eu\/!rettetdenpostsv<\/div><\/li>\n<\/ul>\n\n\n<p><\/p>\n","protected":false},"excerpt":{"rendered":"<p>Tischtennis MeisterschaftBanken und Versicherungen Teilnehmende Institute &#8211; Wien Neueste Beitr\u00e4ge<\/p>\n","protected":false},"author":1,"featured_media":0,"parent":0,"menu_order":0,"comment_status":"closed","ping_status":"closed","template":"","meta":{"_uag_custom_page_level_css":"","site-sidebar-layout":"no-sidebar","site-content-layout":"page-builder","ast-site-content-layout":"full-width-container","site-content-style":"unboxed","site-sidebar-style":"unboxed","ast-global-header-display":"","ast-banner-title-visibility":"","ast-main-header-display":"","ast-hfb-above-header-display":"","ast-hfb-below-header-display":"","ast-hfb-mobile-header-display":"","site-post-title":"disabled","ast-breadcrumbs-content":"","ast-featured-img":"disabled","footer-sml-layout":"","theme-transparent-header-meta":"enabled","adv-header-id-meta":"","stick-header-meta":"","header-above-stick-meta":"","header-main-stick-meta":"","header-below-stick-meta":"","astra-migrate-meta-layouts":"set","ast-page-background-enabled":"default","ast-page-background-meta":{"desktop":{"background-color":"var(--ast-global-color-5)","background-image":"","background-repeat":"repeat","background-position":"center center","background-size":"auto","background-attachment":"scroll","background-type":"","background-media":"","overlay-type":"","overlay-color":"","overlay-opacity":"","overlay-gradient":""},"tablet":{"background-color":"","background-image":"","background-repeat":"repeat","background-position":"center center","background-size":"auto","background-attachment":"scroll","background-type":"","background-media":"","overlay-type":"","overlay-color":"","overlay-opacity":"","overlay-gradient":""},"mobile":{"background-color":"","background-image":"","background-repeat":"repeat","background-position":"center center","background-size":"auto","background-attachment":"scroll","background-type":"","background-media":"","overlay-type":"","overlay-color":"","overlay-opacity":"","overlay-gradient":""}},"ast-content-background-meta":{"desktop":{"background-color":"var(--ast-global-color-4)","background-image":"","background-repeat":"repeat","background-position":"center center","background-size":"auto","background-attachment":"scroll","background-type":"","background-media":"","overlay-type":"","overlay-color":"","overlay-opacity":"","overlay-gradient":""},"tablet":{"background-color":"var(--ast-global-color-4)","background-image":"","background-repeat":"repeat","background-position":"center center","background-size":"auto","background-attachment":"scroll","background-type":"","background-media":"","overlay-type":"","overlay-color":"","overlay-opacity":"","overlay-gradient":""},"mobile":{"background-color":"var(--ast-global-color-4)","background-image":"","background-repeat":"repeat","background-position":"center center","background-size":"auto","background-attachment":"scroll","background-type":"","background-media":"","overlay-type":"","overlay-color":"","overlay-opacity":"","overlay-gradient":""}},"footnotes":""},"class_list":["post-1322","page","type-page","status-publish","hentry"],"uagb_featured_image_src":{"full":false,"thumbnail":false,"medium":false,"medium_large":false,"large":false,"1536x1536":false,"2048x2048":false},"uagb_author_info":{"display_name":"Chris","author_link":"https:\/\/tt-meisterschaft.at\/ttbv\/author\/chris\/"},"uagb_comment_info":0,"uagb_excerpt":"Tischtennis MeisterschaftBanken und Versicherungen Teilnehmende Institute &#8211; Wien Neueste Beitr\u00e4ge","_links":{"self":[{"href":"https:\/\/tt-meisterschaft.at\/ttbv\/wp-json\/wp\/v2\/pages\/1322","targetHints":{"allow":["GET"]}}],"collection":[{"href":"https:\/\/tt-meisterschaft.at\/ttbv\/wp-json\/wp\/v2\/pages"}],"about":[{"href":"https:\/\/tt-meisterschaft.at\/ttbv\/wp-json\/wp\/v2\/types\/page"}],"author":[{"embeddable":true,"href":"https:\/\/tt-meisterschaft.at\/ttbv\/wp-json\/wp\/v2\/users\/1"}],"replies":[{"embeddable":true,"href":"https:\/\/tt-meisterschaft.at\/ttbv\/wp-json\/wp\/v2\/comments?post=1322"}],"version-history":[{"count":44,"href":"https:\/\/tt-meisterschaft.at\/ttbv\/wp-json\/wp\/v2\/pages\/1322\/revisions"}],"predecessor-version":[{"id":2978,"href":"https:\/\/tt-meisterschaft.at\/ttbv\/wp-json\/wp\/v2\/pages\/1322\/revisions\/2978"}],"wp:attachment":[{"href":"https:\/\/tt-meisterschaft.at\/ttbv\/wp-json\/wp\/v2\/media?parent=1322"}],"curies":[{"name":"wp","href":"https:\/\/api.w.org\/{rel}","templated":true}]}}